{"id":8,"date":"2021-09-02T17:07:05","date_gmt":"2021-09-02T15:07:05","guid":{"rendered":"http:\/\/crechee.cluster028.hosting.ovh.net\/?page_id=8"},"modified":"2026-01-04T09:26:45","modified_gmt":"2026-01-04T08:26:45","slug":"contact","status":"publish","type":"page","link":"https:\/\/www.creche-lasourisverte.eu\/index.php\/contact\/","title":{"rendered":"Inscription et contact"},"content":{"rendered":"\n<h1 class=\"wp-block-heading\"><span style=\"color:#6a9d12\" class=\"has-inline-color\">Inscription et contact<\/span><\/h1>\n\n\n\n<h3 class=\"wp-block-heading\" id=\"cc-m-header-15490593422\"><span style=\"color:#6a9d12\" class=\"has-inline-color\">Comment nous rejoindre ?<\/span><\/h3>\n\n\n\n<p>Vous \u00eates \u00e0 la recherche d&rsquo;une place en cr\u00e8che pour votre (futur) enfant. N&rsquo;h\u00e9sitez pas \u00e0&nbsp;prendre contact avec les parents charg\u00e9s de la commission inscription&nbsp;:&nbsp;<a href=\"mailto:inscription@creche-lasourisverte.eu\" target=\"_blank\" rel=\"noreferrer noopener\">inscription@creche-lasourisverte.eu<\/a><\/p>\n\n\n\n<hr class=\"wp-block-separator has-text-color has-css-opacity has-background is-style-wide\" style=\"background-color:#6a9d12;color:#6a9d12\"\/>\n\n\n\n<p><\/p>\n\n\n\n<h3 class=\"wp-block-heading\" id=\"cc-m-header-15490593422\"><span style=\"color:#6a9d12\" class=\"has-inline-color\">Financement<\/span><\/h3>\n\n\n\n<p>La cr\u00e8che est subventionn\u00e9e par la CAF du Bas-Rhin et l&rsquo;Eurom\u00e9tropole de Strasbourg. Chaque famille participe financi\u00e8rement en fonction des ressources du foyer.<\/p>\n\n\n\n<hr class=\"wp-block-separator has-text-color has-css-opacity has-background is-style-wide\" style=\"background-color:#6a9d12;color:#6a9d12\"\/>\n\n\n\n<p><\/p>\n\n\n\n<h3 class=\"wp-block-heading\" id=\"cc-m-header-15155561522\"><span style=\"color:#6a9d12\" class=\"has-inline-color\">Recrutement<\/span><\/h3>\n\n\n\n<p>Pour envoyer une candidature spontan\u00e9e,&nbsp;vous pouvez nous contacter \u00e0 l&rsquo;adresse suivante : <a rel=\"noreferrer noopener\" href=\"mailto:rh@creche-lasourisverte.eu\" target=\"_blank\">rh@creche-lasourisverte.eu<\/a><\/p>\n\n\n\n<hr class=\"wp-block-separator has-text-color has-css-opacity has-background is-style-wide\" style=\"background-color:#6a9d12;color:#6a9d12\"\/>\n\n\n\n<p><\/p>\n\n\n\n<div class=\"wp-block-columns is-layout-flex wp-container-core-columns-is-layout-9d6595d7 wp-block-columns-is-layout-flex\">\n<div class=\"wp-block-column is-layout-flow wp-block-column-is-layout-flow\" style=\"flex-basis:33.33%\">\n<h3 class=\"wp-block-heading\"><span style=\"color:#6a9d12\" class=\"has-inline-color\">T\u00e9l\u00e9phone<\/span><\/h3>\n\n\n\n<p>+33 3 88 60 13 40<\/p>\n\n\n\n<p><\/p>\n\n\n\n<p><strong>Pour se rendre \u00e0 la cr\u00e8che en bus<\/strong>&nbsp;:&nbsp;<br>2, L6, 15, 30, 72&nbsp; (arr\u00eat Dordogne).<\/p>\n<\/div>\n\n\n\n<div class=\"wp-block-column is-layout-flow wp-block-column-is-layout-flow\" style=\"flex-basis:66.66%\">\n<h3 class=\"wp-block-heading\"><span style=\"color:#6a9d12\" class=\"has-inline-color\">Adresse<\/span><\/h3>\n\n\n\n<p>61 all\u00e9e de la Robertsau, 67 000 Strasbourg<\/p>\n\n\n\n<div class=\"wp-block-webfactory-map\"><div class=\"wp-block-webfactory-map\"><iframe loading=\"lazy\" width=\"100%\" height=\"315px\" src=\"https:\/\/www.google.com\/maps\/embed\/v1\/place?q=61%20all%C3%A9e%20de%20la%20Robertsau%2C%20Strasbourg&amp;maptype=roadmap&amp;zoom=14&amp;key=AIzaSyAjyDspiPfzEfjRSS5fQzm-3jHFjHxeXB4\" frameborder=\"0\"><\/iframe><\/div><\/div>\n<\/div>\n<\/div>\n","protected":false},"excerpt":{"rendered":"<p>Inscription et contact Comment nous rejoindre ? Vous \u00eates \u00e0 la recherche d&rsquo;une place en cr\u00e8che pour votre (futur) enfant. N&rsquo;h\u00e9sitez pas \u00e0&nbsp;prendre contact avec les parents charg\u00e9s de la commission inscription&nbsp;:&nbsp;inscription@creche-lasourisverte.eu Financement La cr\u00e8che est subventionn\u00e9e par la CAF du Bas-Rhin et l&rsquo;Eurom\u00e9tropole de Strasbourg. Chaque famille participe financi\u00e8rement en fonction des ressources du &hellip;<\/p>\n","protected":false},"author":1,"featured_media":0,"parent":0,"menu_order":0,"comment_status":"closed","ping_status":"closed","template":"","meta":{"_seopress_robots_primary_cat":"","_seopress_titles_title":"","_seopress_titles_desc":"","_seopress_robots_index":"","footnotes":""},"class_list":["post-8","page","type-page","status-publish","hentry"],"_links":{"self":[{"href":"https:\/\/www.creche-lasourisverte.eu\/index.php\/wp-json\/wp\/v2\/pages\/8","targetHints":{"allow":["GET"]}}],"collection":[{"href":"https:\/\/www.creche-lasourisverte.eu\/index.php\/wp-json\/wp\/v2\/pages"}],"about":[{"href":"https:\/\/www.creche-lasourisverte.eu\/index.php\/wp-json\/wp\/v2\/types\/page"}],"author":[{"embeddable":true,"href":"https:\/\/www.creche-lasourisverte.eu\/index.php\/wp-json\/wp\/v2\/users\/1"}],"replies":[{"embeddable":true,"href":"https:\/\/www.creche-lasourisverte.eu\/index.php\/wp-json\/wp\/v2\/comments?post=8"}],"version-history":[{"count":16,"href":"https:\/\/www.creche-lasourisverte.eu\/index.php\/wp-json\/wp\/v2\/pages\/8\/revisions"}],"predecessor-version":[{"id":588,"href":"https:\/\/www.creche-lasourisverte.eu\/index.php\/wp-json\/wp\/v2\/pages\/8\/revisions\/588"}],"wp:attachment":[{"href":"https:\/\/www.creche-lasourisverte.eu\/index.php\/wp-json\/wp\/v2\/media?parent=8"}],"curies":[{"name":"wp","href":"https:\/\/api.w.org\/{rel}","templated":true}]}}